{"id":12,"date":"2018-10-30T14:37:42","date_gmt":"2018-10-30T17:37:42","guid":{"rendered":"https:\/\/gsigma.ufsc.br\/wesaac2019\/?page_id=12"},"modified":"2019-04-01T13:04:01","modified_gmt":"2019-04-01T16:04:01","slug":"committees","status":"publish","type":"page","link":"https:\/\/gsigma.ufsc.br\/wesaac2019\/index.php\/committees\/","title":{"rendered":"Committees"},"content":{"rendered":"\n<p><strong>General Chair<\/strong><\/p>\n\n\n\n<p>Jerusa Marchi (UFSC)<\/p>\n\n\n\n<p><strong>Programme Committee Chairs<\/strong><\/p>\n\n\n\n<p>Gustavo Gim\u00e9nez Lugo (UTFPR)<\/p>\n\n\n\n<p>Gleifer Vaz Alves (UTFPR)<br><\/p>\n\n\n\n<p><strong>Local Chair<\/strong><\/p>\n\n\n\n<p>Ricardo Silveira (UFSC)<\/p>\n\n\n\n<p>Saulo Popov Zambiasi (UNISUL)<\/p>\n\n\n\n<p>Jomi Fred H\u00fcbner (UFSC)<\/p>\n\n\n\n<p>Maicon Rafael Zatelli<\/p>\n\n\n\n<p><strong>Reviewers<\/strong><\/p>\n\n\n\n<p>Fernanda Alencar (Universidade Federal de Pernambuco)<\/p>\n\n\n\n<p>Cleo Billa (Universidade Federal do Rio Grande \u2013 FURG)<\/p>\n\n\n\n<p>Maiquel de Brito (Instituto Federal de Educa\u00e7\u00e3o, Ci\u00eancia e Tecnologia do Rio Grande do Sul)<\/p>\n\n\n\n<p>Gustavo Augusto Lima de Campos (Universidade Estadual do Cear\u00e1)<\/p>\n\n\n\n<p>Mariela Cort\u00e9s (Universidade Estadual do Cear\u00e1)<\/p>\n\n\n\n<p>Gra\u00e7aliz Dimuro (Universidade Federal do Rio Grande \u2013 FURG)<\/p>\n\n\n\n<p>Jomi Fred Hubner (Federal University of Santa Catarina)<\/p>\n\n\n\n<p>Rejane Frozza (Universidade de Santa Cruz do Sul (UNISC)<\/p>\n\n\n\n<p>Gustavo Gim\u00e9nez-Lugo (Federal University of Technology \u2013 Paran\u00e1 (UTFPR)<\/p>\n\n\n\n<p>Eder Mateus Nunes Gon\u00e7alves (Universidade Federal do Rio Grande \u2013 FURG)<\/p>\n\n\n\n<p>Ana Paula Lemke (IFRS \u2013 Campus Feliz)<\/p>\n\n\n\n<p>Luis Gustavo Nardin (Brandenburg University of Technology)<\/p>\n\n\n\n<p>Guillermo R. Simari (Universidad del Sur in Bahia Blanca \u2013 Argentina)<\/p>\n\n\n\n<p>Maicon Zatelli (Universidade Federal de Santa Catarina)<\/p>\n\n\n\n<p>Cesar A. Tacla (Federal University of Technology \u2013 Paran\u00e1 (UTFPR)<\/p>\n\n\n\n<p>Ricardo Choren (Military Institute of Engineering (IME\/RJ)<\/p>\n\n\n\n<p>Paulo Trigo (ISEL ( Instituto Superior de Engenharia de Liboa) \u2013 Portugal)<\/p>\n\n\n\n<p>Antonio Carlos Rocha Costa (PPGComp\/FURG, PPGFil\/PUCRS)<\/p>\n\n\n\n<p>Vera Maria Benjamim Werneck (Universidade do Estado do Rio de Janeiro \u2013 UERJ)<\/p>\n\n\n\n<p>Joao Luis Tavares da Silva (Centro Universit\u00e1rio UNIFTEC)<\/p>\n\n\n\n<p>Ricardo Azambuja Silveira (Universidade Federal de Santa Catarina)<\/p>\n\n\n\n<p>Viviane Torres da Silva (IBM)<\/p>\n\n\n\n<p>Jerusa Marchi (Universidade Federal de Santa Catarina)<\/p>\n\n\n\n<p>Gleifer Vaz Alves (Federal University of Technology \u2013 Paran\u00e1 (UTFPR)<\/p>\n\n\n\n<p>Andr\u00e9 Pinz Borges (Federal University of Technology \u2013 Paran\u00e1 (UTFPR)<\/p>\n\n\n\n<p>Paulo Leitao (IPB \u2013 Portugal)<\/p>\n\n\n\n<p>Diana Francisca Adamatti (Universidade Federal do Rio Grande \u2013 FURG)<\/p>\n\n\n\n<p>Raquel Barbosa (Instituto Federal do Rio Grande do Sul \u2013 IFRS)<\/p>\n\n\n\n<p>Joilson Batista de Almeida R\u00eago (UFAL)<\/p>\n\n\n\n<p>Olivier Boissier (Mines Saint-Etienne, Institut Henri Fayol, Laboratoire Hubert Curien UMR CNRS)<\/p>\n\n\n\n<p>Rafael H. Bordini (PUCRS)<\/p>\n\n\n\n<p>Anarosa Alves Franco Brand\u00e3o (University of S\u00e3o Paulo)<\/p>\n\n\n\n<p>Sara Casare (University of S\u00e3o Paulo)<\/p>\n\n\n\n<p>Paulo A.L. Castro (ITA-Technological Institute of Aeronautics)<\/p>\n\n\n\n<p>Fernando De La Prieta (University of Salamanca)<\/p>\n\n\n\n<p>Francisca Raquel de Vasconcelos Silveira (IFCE)<\/p>\n\n\n\n<p>Joao Leite (Universidade NOVA de Lisboa)<\/p>\n\n\n\n<p>Alvaro Moreira (Universidade Federal do Rio Grande do Sul)<\/p>\n\n\n\n<p>Helder Coelho (FCUL &#8211; Portugal)<\/p>\n\n\n\n<p>Alessandro Ricci (University of Bologna)<\/p>\n\n\n\n<p>Paulo Rosa (The Military Institute of Engineering)<\/p>\n\n\n\n<p>Marilton Sanchotene de Aguiar (UFPel)<\/p>\n\n\n\n<p>Jaime Sichman (University of S\u00e3o Paulo)<\/p>\n\n\n\n<p>Patricia Tedesco (Center for Informatics \/ UFPE)<\/p>\n\n\n\n<p>Carine Webber (Universidade de Caxias do Sul)<\/p>\n\n\n\n<p>Paulo Novais (Universidade do Minho \u2013 Portugal)<\/p>\n\n\n\n<p>Luis Antunes (Universidade de Lisboa \u2013 Portugal)<\/p>\n\n\n\n<p>T\u00falio Lima Bas\u00e9gio (IFRS &#8211; Feliz)<\/p>\n\n\n\n<p>Clarissa Xavier (p\u00f3s-doc UFRGS; visitante UFBA)<\/p>\n\n\n\n<p>Gabriel Ramos (P\u00f3s-doc &#8211; Vrije Universiteit Brussel, VUB, B\u00e9lgica)<\/p>\n\n\n\n<p>Ricardo Grunitzki (Universidade Federal do Rio Grande do Sul)<\/p>\n\n\n\n<p>Artur Freitas (PUCRS)<\/p>\n","protected":false},"excerpt":{"rendered":"<p>General Chair Jerusa Marchi (UFSC) Programme Committee Chairs Gustavo Gim\u00e9nez Lugo (UTFPR) Gleifer Vaz Alves (UTFPR) Local Chair Ricardo Silveira (UFSC) Saulo Popov Zambiasi (UNISUL) Jomi Fred H\u00fcbner (UFSC) Maicon Rafael Zatelli Reviewers Fernanda Alencar (Universidade Federal de Pernambuco) Cleo Billa (Universidade Federal do Rio Grande \u2013 FURG) Maiquel de Brito (Instituto Federal de Educa\u00e7\u00e3o, &hellip; <a href=\"https:\/\/gsigma.ufsc.br\/wesaac2019\/index.php\/committees\/\" class=\"more-link\">Continue reading <span class=\"screen-reader-text\">Committees<\/span> <span class=\"meta-nav\">&rarr;<\/span><\/a><\/p>\n","protected":false},"author":1,"featured_media":0,"parent":0,"menu_order":2,"comment_status":"closed","ping_status":"closed","template":"","meta":{"footnotes":""},"class_list":["post-12","page","type-page","status-publish","hentry"],"_links":{"self":[{"href":"https:\/\/gsigma.ufsc.br\/wesaac2019\/index.php\/wp-json\/wp\/v2\/pages\/12","targetHints":{"allow":["GET"]}}],"collection":[{"href":"https:\/\/gsigma.ufsc.br\/wesaac2019\/index.php\/wp-json\/wp\/v2\/pages"}],"about":[{"href":"https:\/\/gsigma.ufsc.br\/wesaac2019\/index.php\/wp-json\/wp\/v2\/types\/page"}],"author":[{"embeddable":true,"href":"https:\/\/gsigma.ufsc.br\/wesaac2019\/index.php\/wp-json\/wp\/v2\/users\/1"}],"replies":[{"embeddable":true,"href":"https:\/\/gsigma.ufsc.br\/wesaac2019\/index.php\/wp-json\/wp\/v2\/comments?post=12"}],"version-history":[{"count":11,"href":"https:\/\/gsigma.ufsc.br\/wesaac2019\/index.php\/wp-json\/wp\/v2\/pages\/12\/revisions"}],"predecessor-version":[{"id":117,"href":"https:\/\/gsigma.ufsc.br\/wesaac2019\/index.php\/wp-json\/wp\/v2\/pages\/12\/revisions\/117"}],"wp:attachment":[{"href":"https:\/\/gsigma.ufsc.br\/wesaac2019\/index.php\/wp-json\/wp\/v2\/media?parent=12"}],"curies":[{"name":"wp","href":"https:\/\/api.w.org\/{rel}","templated":true}]}}