{"id":20,"date":"2018-10-30T14:51:59","date_gmt":"2018-10-30T17:51:59","guid":{"rendered":"https:\/\/gsigma.ufsc.br\/wesaac2019\/?page_id=20"},"modified":"2019-05-06T09:17:10","modified_gmt":"2019-05-06T12:17:10","slug":"program","status":"publish","type":"page","link":"https:\/\/gsigma.ufsc.br\/wesaac2019\/index.php\/program\/","title":{"rendered":"Program"},"content":{"rendered":"\n<table class=\"wp-block-table aligncenter is-style-stripes\"><tbody><tr><td><\/td><td>02\/05<\/td><td>03\/05<\/td><td>04\/05<\/td><\/tr><tr><td>7:30-8:00<\/td><td>Credenciamento<br>Abertura<\/td><td><\/td><td><\/td><\/tr><tr><td>8:00-10:00<\/td><td>Palestra 1<br>Cristina Baroglio<\/td><td>Sess\u00e3o T\u00e9cnica<br>Full Papers 3<\/td><td>Sess\u00e3o T\u00e9cnica<br>Short Papers 2<\/td><\/tr><tr><td>10:00-10:30<\/td><td>Coffe Break<\/td><td>Coffe Break<\/td><td>Coffe Break<\/td><\/tr><tr><td>10:30-12:00<\/td><td>Sess\u00e3o T\u00e9cnica<br>Full Papers 1<\/td><td>Oficina 1<br>Maicon Zatelli<\/td><td>Oficina 2<br>Diana Adamati<\/td><\/tr><tr><td>12:00-14:00<\/td><td>Almo\u00e7o<\/td><td>Almo\u00e7o<\/td><td>Almo\u00e7o<\/td><\/tr><tr><td>14:00-16:00<\/td><td>Sess\u00e3o T\u00e9cnica<br>Full Papers 2<\/td><td>Oficina 1<br>Maicon Zatelli<\/td><td>Oficina 2<br>Diana Adamatti<\/td><\/tr><tr><td>16:00-16:30<\/td><td>Coffe Break<\/td><td>Coffe Break<\/td><td>Coffe Break<\/td><\/tr><tr><td>16:30-18:00<\/td><td>Sess\u00e3o T\u00e9cnica<br>Short Papers 1<\/td><td>Palestra 2<br>Maiquel de Brito<\/td><td>Palestra 3<br>Ingrid Nunes<\/td><\/tr><tr><td>18:00-18:30<\/td><td><\/td><td><\/td><td>Encerramento<\/td><\/tr><\/tbody><\/table>\n\n\n\n<table>\n     <tr style=\"background-color: darkblue; color: white;\">\n           <th colspan=\"4\">WESAAC 2019 &#8211; Programa: 02\/05 &#8211; 16:30-18:00<br>\n           Sess\u00e3o Tecnica Short Papers 1<\/th>\n     <\/tr>\n     <tr style=\"background-color: darkblue; color: white;\">\n           <th>hor\u00e1rio<\/th>\n           <th>#<\/th>\n           <th>T\u00edtulo<\/th>\n           <th>Autores<\/th>\n     <\/tr>\n     <tr>\n           <td>16:30<\/td>\n           <td>29<\/td>\n           <td><a href=\"\/wesaac2019\/paper\/WESAAC_2019_paper_29.pdf\" target=\"_blank\" rel=\"noopener noreferrer\">Uma Proposta de S\u00edntese Autom\u00e1tica de Normas para Sistemas Multiagentes<\/a>\n           (<a href=\"\/wesaac2019\/slide\/29.pdf\" target=\"_blank\" rel=\"noopener noreferrer\">slides<\/a>)<\/td>\n           <td>Jhonatan Alves, Jomi Hubner and Jerusa Marchi<\/td>\n     <\/tr>\n     <tr>\n           <td>16:45<\/td>\n           <td>25<\/td>\n           <td><a href=\"\/wesaac2019\/paper\/WESAAC_2019_paper_25.pdf\" target=\"_blank\" rel=\"noopener noreferrer\">Implementa\u00e7\u00e3o de Di\u00e1logos Argumentativos em Sistemas Multiagentes<\/a>\n           (<a href=\"\/wesaac2019\/slide\/25.pdf\" target=\"_blank\" rel=\"noopener noreferrer\">slides<\/a>)<\/td>\n           <td>Adler Mateus Cachuba and Ayslan Trevisan Possebom<\/td>\n     <\/tr>\n     <tr>\n           <td>17:00<\/td>\n           <td>5<\/td>\n           <td><a href=\"\/wesaac2019\/paper\/WESAAC_2019_paper_5.pdf\" target=\"_blank\" rel=\"noopener noreferrer\">Organiza\u00e7\u00e3o de lascas de madeira: uma an\u00e1lise utilizando simula\u00e7\u00e3o baseada em agentes<\/a>\n           (<a href=\"\/wesaac2019\/slide\/5.pdf\" target=\"_blank\" rel=\"noopener noreferrer\">slides<\/a>)<\/td>\n           <td>Carlos E. P. de Quadros, V\u00e1gner de Oliveira Gabriel, Alessandro de L. Bicho, Diana Adamatti<\/td>\n     <\/tr>\n     <tr>\n           <td>17:15<\/td>\n           <td>2<\/td>\n           <td><a href=\"\/wesaac2019\/paper\/WESAAC_2019_paper_2.pdf\" target=\"_blank\" rel=\"noopener noreferrer\">Um estudo voltado \u00e0 Modelos Ambientais envolvendo Sistemas Multiagentes e\/ou Jogos de Pap\u00e9is<\/a>\n           (<a href=\"\/wesaac2019\/slide\/2.pdf\" target=\"_blank\" rel=\"noopener noreferrer\">slides<\/a>)<\/td>\n           <td>Bruna Silva Leitzke, Diana Adamatti<\/td>\n     <\/tr>\n     <tr>\n           <td>17:30<\/td>\n           <td>9<\/td>\n           <td><a href=\"\/wesaac2019\/paper\/WESAAC_2019_paper_9.pdf\" target=\"_blank\" rel=\"noopener noreferrer\">Sistemas Multiagente e Jogos de Pap\u00e9is para Gest\u00e3o de Recursos Naturais<\/a>\n           (<a href=\"\/wesaac2019\/slide\/9.pdf\" target=\"_blank\" rel=\"noopener noreferrer\">slides<\/a>)<\/td>\n           <td>Bruna Leitzke, Giovani Farias, Marilton Aguiar, Marla Melo, Matheus Gon\u00e7alves, Miriam Born, Paulo Rodrigues, Vinicius Martins, Diana Francisca Adamatti and Raquel M. Barbosa<\/td>\n     <\/tr>\n     <tr>\n           <td>17:45<\/td>\n           <td>3<\/td>\n           <td><a href=\"\/wesaac2019\/paper\/WESAAC_2019_paper_3.pdf\" target=\"_blank\" rel=\"noopener noreferrer\">Estudo das emo\u00e7\u00f5es em multid\u00f5es<\/a>\n           (<a href=\"\/wesaac2019\/slide\/3.pdf\" target=\"_blank\" rel=\"noopener noreferrer\">slides<\/a>)<\/td>\n           <td>Michael Olmos Trujillo, Marla Melo, Diana Adamatti, Leonardo Emmendorfer<\/td>\n     <\/tr>\n<\/table>\n\n\n\n\n<table>\n  <tr style=\"background-color: darkblue; color: white;\">\n    <th colspan=\"4\">WESAAC 2019 &#8211; Programa: 04\/05 &#8211; 8:00-10:00<br>\n    Sess\u00e3o Tecnica Short Papers 2<\/th>\n  <\/tr>\n  <tr style=\"background-color: darkblue; color: white;\">\n    <th>hor\u00e1rio<\/th>\n    <th>#<\/th>\n    <th>T\u00edtulo<\/th>\n    <th>Autores<\/th>\n  <\/tr>\n  <tr>\n       <td>8:00<\/td>\n       <td>15<\/td>\n       <td><a href=\"\/wesaac2019\/paper\/WESAAC_2019_paper_15.pdf\" target=\"_blank\" rel=\"noopener noreferrer\">Toler\u00e2ncia a Faltas em Sistemas Multiagentes Multidimensionais<\/a>\n       (<a href=\"\/wesaac2019\/slide\/15.pdf\" target=\"_blank\" rel=\"noopener noreferrer\">slides<\/a>)<\/td>\n       <td>Luis Pedro Arenhart Lampert, Jomi Fred Hubner, Maicon Rafael Zatelli<\/td>\n  <\/tr>\n  <tr>\n       <td>8:15<\/td>\n       <td>11<\/td>\n       <td><a href=\"\/wesaac2019\/paper\/WESAAC_2019_paper_11.pdf\" target=\"_blank\" rel=\"noopener noreferrer\">Algoritmos de coordena\u00e7\u00e3o para ve\u00edculos aut\u00f4nomos em cidades inteligentes<\/a>\n       (<a href=\"\/wesaac2019\/slide\/11.pdf\" target=\"_blank\" rel=\"noopener noreferrer\">slides<\/a>)<\/td>\n       <td>Vilson de Deus Corr\u00eaa J\u00fanior, Tiago Luiz Schmitz<\/td>\n  <\/tr>\n  <tr>\n       <td>8:30<\/td>\n       <td>17<\/td>\n       <td><a href=\"\/wesaac2019\/paper\/WESAAC_2019_paper_17.pdf\" target=\"_blank\" rel=\"noopener noreferrer\">Representac\u0327a\u0303o de Objetos do Co\u0301digo de Tra\u0302nsito Atrave\u0301s de Uma Ontologia Para Aplicac\u0327a\u0303o em um Ve\u0131\u0301culo Auto\u0302nomo<\/a>\n       (<a href=\"\/wesaac2019\/slide\/17.pdf\" target=\"_blank\" rel=\"noopener noreferrer\">slides<\/a>)<\/td>\n       <td>Vithor Ferreira, Gleifer Alves<\/td>\n  <\/tr>\n  <tr>\n       <td>8:45<\/td>\n       <td>14<\/td>\n       <td><a href=\"\/wesaac2019\/paper\/WESAAC_2019_paper_14.pdf\" target=\"_blank\" rel=\"noopener noreferrer\">Classifica\u00e7\u00e3o das Abordagens de Integra\u00e7\u00e3o de Agentes com Aplica\u00e7\u00f5es Heterog\u00eaneas<\/a>\n       (<a href=\"\/wesaac2019\/slide\/14.pdf\" target=\"_blank\" rel=\"noopener noreferrer\">slides<\/a>)<\/td>\n       <td>Ot\u00e1vio Arruda Matoso, Jomi Fred Hubner, Maicon Rafael Zatelli<\/td>\n  <\/tr>\n  <tr>\n       <td>9:15<\/td>\n       <td>12<\/td>\n       <td><a href=\"\/wesaac2019\/paper\/WESAAC_2019_paper_12.pdf\" target=\"_blank\" rel=\"noopener noreferrer\">Uma compara\u00e7\u00e3o entre solu\u00e7\u00f5es de smart parkings baseados em agentes inteligentes<\/a>\n       (<a href=\"\/wesaac2019\/slide\/12.pdf\" target=\"_blank\" rel=\"noopener noreferrer\">slides<\/a>)<\/td>\n       <td>Alexandre Mellado, Gleifer Alves, Andr\u00e9 Pinz Borges<\/td>\n  <\/tr>\n  <tr>\n       <td>9:30<\/td>\n       <td>13<\/td>\n       <td><a href=\"\/wesaac2019\/paper\/WESAAC_2019_paper_13.pdf\" target=\"_blank\" rel=\"noopener noreferrer\">Proposta de implanta\u00e7\u00e3o de um sistema ciber-f\u00edsico para um Smart Parking baseado em agentes inteligentes<\/a>\n       (<a href=\"\/wesaac2019\/slide\/13.pdf\" target=\"_blank\" rel=\"noopener noreferrer\">slides<\/a>)<\/td>\n       <td>Pedro Warmling Botelho, Andr\u00e9 Pinz Borges, Gleifer Vaz Alves<\/td>\n  <\/tr>\n  <tr>\n       <td>9:45<\/td>\n       <td>23<\/td>\n       <td><a href=\"\/wesaac2019\/paper\/WESAAC_2019_paper_23.pdf\" target=\"_blank\" rel=\"noopener noreferrer\">Ritmo Circadiano e a Vari\u00e1vel Dor: Revis\u00e3o Sistem\u00e1tica com a utiliza\u00e7\u00e3o de Simula\u00e7\u00e3o Multiagente<\/a>\n       (<a href=\"\/wesaac2019\/slide\/23.pdf\" target=\"_blank\" rel=\"noopener noreferrer\">slides<\/a>)<\/td>\n       <td>Ang\u00e9lica Theis dos Santos, Catia Maria dos Santos Machado, Andr\u00e9 Andrade Longaray, Diana Francisca Adamatti<\/td>\n  <\/tr>\n <\/table>\n\n\n\n\n<table>\n  <tr style=\"background-color: darkblue; color: white;\">\n    <th colspan=\"4\">WESAAC 2019 &#8211; Programa: 02\/05 &#8211; 10:30-12:00<br>\n    Sess\u00e3o de T\u00e9cnica Full Papers 1<\/th>\n  <\/tr>\n  <tr style=\"background-color: darkblue; color: white;\">\n    <th>hor\u00e1rio<\/th>\n    <th>#<\/th>\n    <th>T\u00edtulo<\/th>\n    <th>Autores<\/th>\n  <\/tr>\n   <tr>\n         <td>10:30<\/td>\n         <td>7<\/td>\n         <td><a href=\"\/wesaac2019\/paper\/WESAAC_2019_paper_7.pdf\" target=\"_blank\" rel=\"noopener noreferrer\">An\u00e1lise Comparativa entre Ferramentas de Simula\u00e7\u00e3o Multiagente<\/a>\n         (<a href=\"\/wesaac2019\/slide\/7.pdf\" target=\"_blank\" rel=\"noopener noreferrer\">slides<\/a>)<\/td>\n         <td>Ricardo A. Machado, Giulia B. Silveira, Marla P. Melo, Cleo Z. Billa, Diana Francisca Adamatti<\/td>\n   <\/tr>\n   <tr>\n         <td>10:50<\/td>\n         <td>4<\/td>\n         <td><a href=\"\/wesaac2019\/paper\/WESAAC_2019_paper_4.pdf\" target=\"_blank\" rel=\"noopener noreferrer\">Uma Revis\u00e3o dos M\u00e9todos para Gera\u00e7\u00e3o e Execu\u00e7\u00e3o de Testes em Sistemas Multiagentes<\/a>\n         (<a href=\"\/wesaac2019\/slide\/4.pdf\" target=\"_blank\" rel=\"noopener noreferrer\">slides<\/a>)<\/td>\n         <td>Ricardo Machado; Eder Gon\u00e7alves<\/td>\n   <\/tr>\n   <tr>\n         <td>11:10<\/td>\n         <td>19<\/td>\n         <td><a href=\"\/wesaac2019\/paper\/WESAAC_2019_paper_19.pdf\" target=\"_blank\" rel=\"noopener noreferrer\">Scrumie: Jogo orientado a agentes para ensino de Scrum<\/a>\n         (<a href=\"\/wesaac2019\/slide\/19.pdf\" target=\"_blank\" rel=\"noopener noreferrer\">slides<\/a>)<\/td>\n         <td>Bruna Costa Cons, Leonardo Lima Marinho, Suelen Regina C. Dos Santos, Marcelo Schots, Vera Werneck<\/td>\n   <\/tr>\n   <tr>\n         <td>11:30<\/td>\n         <td>8<\/td>\n         <td><a href=\"\/wesaac2019\/paper\/WESAAC_2019_paper_8.pdf\" target=\"_blank\" rel=\"noopener noreferrer\">Decis\u00e3o por parceiros de Transfer\u00eancia de Tecnologia: uma abordagem baseada em agentes<\/a>\n         (<a href=\"\/wesaac2019\/slide\/8.pdf\" target=\"_blank\" rel=\"noopener noreferrer\">slides<\/a>)<\/td>\n         <td>Adriana N. Reis<\/td>\n   <\/tr>\n<\/table>\n\n\n\n\n<table>\n  <tr style=\"background-color: darkblue; color: white;\">\n    <th colspan=\"4\">WESAAC 2019 &#8211; Programa: 02\/05 &#8211; 14:00-16:00<br>\n    Sess\u00e3o de T\u00e9cnica Full Papers 2<\/th>\n  <\/tr>\n  <tr style=\"background-color: darkblue; color: white;\">\n    <th>hor\u00e1rio<\/th>\n    <th>#<\/th>\n    <th>T\u00edtulo<\/th>\n    <th>Autores<\/th>\n  <\/tr>\n   <tr>\n         <td>14:00<\/td>\n         <td>1<\/td>\n         <td><a href=\"\/wesaac2019\/paper\/WESAAC_2019_paper_1.pdf\" target=\"_blank\" rel=\"noopener noreferrer\">Slavery in Material Agent Societies<\/a>\n         (<a href=\"\/wesaac2019\/slide\/1.pdf\" target=\"_blank\" rel=\"noopener noreferrer\">slides<\/a>)<\/td>\n         <td>Antonio Carlos Rocha Costa<\/td>\n   <\/tr>\n   <tr>\n         <td>14:20<\/td>\n         <td>20<\/td>\n         <td><a href=\"\/wesaac2019\/paper\/WESAAC_2019_paper_20.pdf\" target=\"_blank\" rel=\"noopener noreferrer\">Institui\u00e7\u00f5es em Sistemas Multiagentes \u00e0 luz da Teria da Constru\u00e7\u00e3o da Realidade Social<\/a>\n         (<a href=\"\/wesaac2019\/slide\/20.pdf\" target=\"_blank\" rel=\"noopener noreferrer\">slides<\/a>)<\/td>\n         <td>Rafhael Cunha, Jomi H\u00fcbner, Maiquel de Brito<\/td>\n   <\/tr>\n   <tr>\n         <td>14:40<\/td>\n         <td>31<\/td>\n         <td><a href=\"\/wesaac2019\/paper\/WESAAC_2019_paper_31.pdf\" target=\"_blank\" rel=\"noopener noreferrer\">Efeitos de Estrat\u00e9gias de Distribui\u00e7\u00e3o de Recompensas em Coaliz\u00f5es Baseadas em Agentes: Resultados Preliminares<\/a>\n         (<a href=\"\/wesaac2019\/slide\/31.pdf\" target=\"_blank\" rel=\"noopener noreferrer\">slides<\/a>)<\/td>\n         <td>Lu\u00eds Gustavo Ludescher, Jaime Sichman<\/td>\n   <\/tr>\n   <tr>\n         <td>15:10<\/td>\n         <td>24<\/td>\n         <td><a href=\"\/wesaac2019\/paper\/WESAAC_2019_paper_24.pdf\" target=\"_blank\" rel=\"noopener noreferrer\">Protocolo de Intera\u00e7\u00e3o Entre SMA Embarcados Bio-Inspirado na Rela\u00e7\u00e3o de Predatismo<\/a>\n         (<a href=\"\/wesaac2019\/slide\/24.pdf\" target=\"_blank\" rel=\"noopener noreferrer\">slides<\/a>)<\/td>\n         <td>Vinicius Souza de Jesus, Fabian Cesar Pereira Brand\u00e3o Manoel, Carlos Eduardo Pantoja<\/td>\n   <\/tr>\n   <tr>\n         <td>15:35<\/td>\n         <td>10<\/td>\n         <td><a href=\"\/wesaac2019\/paper\/WESAAC_2019_paper_10.pdf\" target=\"_blank\" rel=\"noopener noreferrer\">Modelagem Baseada em Agentes para An\u00e1lise de Recursos H\u00eddricos<\/a>\n         (<a href=\"\/wesaac2019\/slide\/10.pdf\" target=\"_blank\" rel=\"noopener noreferrer\">slides<\/a>)<\/td>\n         <td>Giovani Farias, Miriam Born, Bruna Leitzke, Marilton Aguiar, Diana Francisca Adamatti<\/td>\n   <\/tr>\n<\/table>\n\n\n\n\n<table>\n  <tr style=\"background-color: darkblue; color: white;\">\n    <th colspan=\"4\">WESAAC 2019 &#8211; Programa: 03\/05 &#8211; 8:00-10:00<br>\n    Sess\u00e3o de T\u00e9cnica Full Papers 3<\/th>\n  <\/tr>\n  <tr style=\"background-color: darkblue; color: white;\">\n    <th>hor\u00e1rio<\/th>\n    <th>#<\/th>\n    <th>T\u00edtulo<\/th>\n    <th>Autores<\/th>\n  <\/tr>\n      <tr>\n         <td>8:00<\/td>\n         <td>6<\/td>\n         <td><a href=\"\/wesaac2019\/paper\/WESAAC_2019_paper_6.pdf\" target=\"_blank\" rel=\"noopener noreferrer\">Finding new routes for integrating Multi-Agent Systems using Apache Camel<\/a>\n         (<a href=\"\/wesaac2019\/slide\/6.pdf\" target=\"_blank\" rel=\"noopener noreferrer\">slides<\/a>)<\/td>\n         <td>Cleber Jorge Amaral, S\u00e9rgio Pereira Bernardes, Mateus Concei\u00e7\u00e3o, Jomi Fred Hubner, Luis Pedro Arenhart Lampert, Otavio Arruda Matoso, Maicon Rafael Zatelli<\/td>\n   <\/tr>\n   <tr>\n         <td>8:20<\/td>\n         <td>22<\/td>\n         <td><a href=\"\/wesaac2019\/paper\/WESAAC_2019_paper_22.pdf\" target=\"_blank\" rel=\"noopener noreferrer\">Revisiting multiagent systems as web services<\/a>\n         (<a href=\"\/wesaac2019\/slide\/22.pdf\" target=\"_blank\" rel=\"noopener noreferrer\">slides<\/a>)<\/td>\n         <td>Henrique Rodrigues, Arthur Casals, Anarosa Alves Franco Brand\u00e3o<\/td>\n   <\/tr>\n   <tr>\n         <td>8:40<\/td>\n         <td>30<\/td>\n         <td><a href=\"\/wesaac2019\/paper\/WESAAC_2019_paper_30.pdf\" target=\"_blank\" rel=\"noopener noreferrer\">Sistema de Recomposi\u00e7\u00e3o Autom\u00e1tica para Rede de Distribui\u00e7\u00e3o de Energia Desenvolvido em JADE<\/a>\n         (<a href=\"\/wesaac2019\/slide\/30.pdf\" target=\"_blank\" rel=\"noopener noreferrer\">slides<\/a>)<\/td>\n         <td>Raimundo Furtado Sampaio, Lucas Silveira Melo, Ruth Past\u00f4ra Saraiva Le\u00e3o, Giovanni Cordeiro Barroso<\/td>\n   <\/tr>\n   <tr>\n         <td>9:00<\/td>\n         <td>16<\/td>\n         <td><a href=\"\/wesaac2019\/paper\/WESAAC_2019_paper_16.pdf\" target=\"_blank\" rel=\"noopener noreferrer\">Algoritmo distribu\u00eddo para autorrecupera\u00e7\u00e3o de smart grids utilizando um sistema multiagente reativo<\/a>\n         (<a href=\"\/wesaac2019\/slide\/16.pdf\" target=\"_blank\" rel=\"noopener noreferrer\">slides<\/a>)<\/td>\n         <td>Italo Ramon Campos, Filipe Saraiva<\/td>\n   <\/tr>\n   <tr>\n         <td>9:20<\/td>\n         <td>18<\/td>\n         <td><a href=\"\/wesaac2019\/paper\/WESAAC_2019_paper_18.pdf\" target=\"_blank\" rel=\"noopener noreferrer\">Mosaik e PADE: Sistemas Multiagentes e Co-Simula\u00e7\u00e3o para Modelagem de Redes El\u00e9tricas Inteligentes<\/a>\n           (<a href=\"\/wesaac2019\/slide\/18.pdf\" target=\"_blank\" rel=\"noopener noreferrer\">slides<\/a>)<\/td>\n         <td>Lucas Melo, Filipe Saraiva, Ruth Le\u00e3o, Raimundo Sampaio, Giovanni Barroso<\/td>\n   <\/tr>\n   <tr>\n         <td>9:40<\/td>\n         <td>21<\/td>\n         <td><a href=\"\/wesaac2019\/paper\/WESAAC_2019_paper_21.pdf\" target=\"_blank\" rel=\"noopener noreferrer\">Arisa Nest \u2013 Uma Plataforma Baseada na Nuvem para Desenvolvimento de Assistentes Virtuais<\/a>\n         (<a href=\"\/wesaac2019\/slide\/21.pdf\" target=\"_blank\" rel=\"noopener noreferrer\">slides<\/a>)<\/td>\n         <td>Saulo Popov Zambiasi, Ricard J. Rabelo<\/td>\n   <\/tr>\n<\/table>\n\n","protected":false},"excerpt":{"rendered":"<p>02\/05 03\/05 04\/05 7:30-8:00 CredenciamentoAbertura 8:00-10:00 Palestra 1Cristina Baroglio Sess\u00e3o T\u00e9cnicaFull Papers 3 Sess\u00e3o T\u00e9cnicaShort Papers 2 10:00-10:30 Coffe Break Coffe Break Coffe Break 10:30-12:00 Sess\u00e3o T\u00e9cnicaFull Papers 1 Oficina 1Maicon Zatelli Oficina 2Diana Adamati 12:00-14:00 Almo\u00e7o Almo\u00e7o Almo\u00e7o 14:00-16:00 Sess\u00e3o T\u00e9cnicaFull Papers 2 Oficina 1Maicon Zatelli Oficina 2Diana Adamatti 16:00-16:30 Coffe Break Coffe Break &hellip; <a href=\"https:\/\/gsigma.ufsc.br\/wesaac2019\/index.php\/program\/\" class=\"more-link\">Continue reading <span class=\"screen-reader-text\">Program<\/span> <span class=\"meta-nav\">&rarr;<\/span><\/a><\/p>\n","protected":false},"author":1,"featured_media":0,"parent":0,"menu_order":5,"comment_status":"closed","ping_status":"closed","template":"","meta":{"footnotes":""},"class_list":["post-20","page","type-page","status-publish","hentry"],"_links":{"self":[{"href":"https:\/\/gsigma.ufsc.br\/wesaac2019\/index.php\/wp-json\/wp\/v2\/pages\/20","targetHints":{"allow":["GET"]}}],"collection":[{"href":"https:\/\/gsigma.ufsc.br\/wesaac2019\/index.php\/wp-json\/wp\/v2\/pages"}],"about":[{"href":"https:\/\/gsigma.ufsc.br\/wesaac2019\/index.php\/wp-json\/wp\/v2\/types\/page"}],"author":[{"embeddable":true,"href":"https:\/\/gsigma.ufsc.br\/wesaac2019\/index.php\/wp-json\/wp\/v2\/users\/1"}],"replies":[{"embeddable":true,"href":"https:\/\/gsigma.ufsc.br\/wesaac2019\/index.php\/wp-json\/wp\/v2\/comments?post=20"}],"version-history":[{"count":19,"href":"https:\/\/gsigma.ufsc.br\/wesaac2019\/index.php\/wp-json\/wp\/v2\/pages\/20\/revisions"}],"predecessor-version":[{"id":175,"href":"https:\/\/gsigma.ufsc.br\/wesaac2019\/index.php\/wp-json\/wp\/v2\/pages\/20\/revisions\/175"}],"wp:attachment":[{"href":"https:\/\/gsigma.ufsc.br\/wesaac2019\/index.php\/wp-json\/wp\/v2\/media?parent=20"}],"curies":[{"name":"wp","href":"https:\/\/api.w.org\/{rel}","templated":true}]}}