{"id":239,"date":"2019-05-23T14:08:57","date_gmt":"2019-05-23T17:08:57","guid":{"rendered":"https:\/\/gsigma.ufsc.br\/wesaac2019\/?page_id=239"},"modified":"2019-08-15T10:56:48","modified_gmt":"2019-08-15T13:56:48","slug":"best-papers","status":"publish","type":"page","link":"https:\/\/gsigma.ufsc.br\/wesaac2019\/index.php\/best-papers\/","title":{"rendered":"Best Papers"},"content":{"rendered":"\n<h2 class=\"wp-block-heading\">RITA<\/h2>\n\n\n\n<p>1o    RITA (MESTRADO) 10  <a href=\"https:\/\/gsigma.ufsc.br\/wesaac2019\/paper\/WESAAC_2019_paper_10.pdf\">Modelagem Baseada em Agentes para An\u00e1lise de Recursos H\u00eddricos<\/a>  Giovani Farias, Miriam Born, Bruna Leitzke, Marilton Aguiar, Diana Francisca Adamatti<\/p>\n\n\n\n<p>2o    RITA (MESTRADO) 31  <a href=\"https:\/\/gsigma.ufsc.br\/wesaac2019\/paper\/WESAAC_2019_paper_31.pdf\">Efeitos de Estrat\u00e9gias de Distribui\u00e7\u00e3o de Recompensas em Coaliz\u00f5es Baseadas em Agentes: Resultados Preliminares<\/a> Lu\u00eds Gustavo Ludescher, Jaime Sichman<\/p>\n\n\n\n<p>3o    RITA (PROFISSIONAL) 18  <a href=\"https:\/\/gsigma.ufsc.br\/wesaac2019\/paper\/WESAAC_2019_paper_18.pdf\">Mosaik e PADE: Sistemas Multiagentes e Co-Simula\u00e7\u00e3o para Modelagem de Redes El\u00e9tricas Inteligentes<\/a>  Lucas Melo, Filipe Saraiva, Ruth Le\u00e3o, Raimundo Sampaio, Giovanni Barroso<\/p>\n\n\n\n<h2 class=\"wp-block-heading\">ADCAIJ<\/h2>\n\n\n\n<p>1o    ADJCAI  15  <a href=\"https:\/\/gsigma.ufsc.br\/wesaac2019\/paper\/WESAAC_2019_paper_15.pdf\">Toler\u00e2ncia a Faltas em Sistemas Multiagentes Multidimensionais<\/a>  Luis Pedro Arenhart Lampert, Jomi Fred Hubner, Maicon Rafael Zatelli<\/p>\n\n\n\n<p>2o    ADJCAI  6   <a href=\"https:\/\/gsigma.ufsc.br\/wesaac2019\/paper\/WESAAC_2019_paper_6.pdf\">Finding new routes for integrating Multi-Agent Systems using Apache Camel<\/a>   Cleber Jorge Amaral, S\u00e9rgio Pereira Bernardes, Mateus Concei\u00e7\u00e3o, Jomi Fred Hubner, Luis Pedro Arenhart Lampert, Otavio Arruda Matoso, Maicon Rafael Zatelli<\/p>\n\n\n\n<p>3o    ADJCAI  16  <a href=\"https:\/\/gsigma.ufsc.br\/wesaac2019\/paper\/WESAAC_2019_paper_16.pdf\">Algoritmo distribu\u00eddo para autorrecupera\u00e7\u00e3o de smart grids utilizando um sistema multiagente reativo<\/a>    Italo Ramon Campos, Filipe Saraiva<\/p>\n\n\n\n<p>4o    ADJCAI  22  <a href=\"https:\/\/gsigma.ufsc.br\/wesaac2019\/paper\/WESAAC_2019_paper_22.pdf\">Exposing agents as web services: a case study using JADE and SPADE <\/a> Henrique Rodrigues, Arthur Casals , Anarosa Alves Franco Brand\u00e3o<\/p>\n\n\n\n<p>5o    ADJCAI  1   <a href=\"https:\/\/gsigma.ufsc.br\/wesaac2019\/paper\/WESAAC_2019_paper_1.pdf\">Slavery in Material Agent Societies<\/a> Antonio Carlos Rocha Costa.<\/p>\n\n\n\n<p>6o    ADJCAI  21  <a href=\"https:\/\/gsigma.ufsc.br\/wesaac2019\/paper\/WESAAC_2019_paper_21.pdf\">Arisa Nest \u2013 Uma Plataforma Baseada na Nuvem para Desenvolvimento de Assistentes Virtuais<\/a>   Saulo Popov Zambiasi,  Ricardo J. Rabelo.<\/p>\n\n\n\n<p>7o    ADJCAI  19  <a href=\"https:\/\/gsigma.ufsc.br\/wesaac2019\/paper\/WESAAC_2019_paper_19.pdf\">Scrumie: Jogo orientado a agentes para ensino de Scrum<\/a>  Bruna Costa Cons, Leonardo Lima Marinho, Suelen Regina C. Dos Santos, Marcelo Schots, Vera Werneck<\/p>\n\n\n\n<h2 class=\"wp-block-heading\">ICCEEG<\/h2>\n\n\n\n<p>1o    ICCEEG  24  <a href=\"https:\/\/gsigma.ufsc.br\/wesaac2019\/paper\/WESAAC_2019_paper_24.pdf\">Protocolo de Intera\u00e7\u00e3o Entre SMA Embarcados Bio-Inspirado na Rela\u00e7\u00e3o de Predatismo<\/a>  Vinicius Souza de Jesus, Fabian Cesar Pereira Brand\u00e3o Manoel, Carlos Eduardo Pantoja<\/p>\n\n\n\n<p>2o    ICCEEG  4   <a href=\"https:\/\/gsigma.ufsc.br\/wesaac2019\/paper\/WESAAC_2019_paper_4.pdf\">Uma Revis\u00e3o dos M\u00e9todos para Gera\u00e7\u00e3o e Execu\u00e7\u00e3o de Testes em Sistemas Multiagentes<\/a>  Ricardo Machado and Eder Gon\u00e7alves<\/p>\n\n\n\n<p>3o    ICCEEG  7   <a href=\"https:\/\/gsigma.ufsc.br\/wesaac2019\/paper\/WESAAC_2019_paper_7.pdf\">An\u00e1lise Comparativa entre Ferramentas de Simula\u00e7\u00e3o Multiagente<\/a>  Ricardo A. Machado, Giulia B. Silveira, Marla P. Melo, Cleo Z. Billa and Diana Francisca Adamatti<\/p>\n","protected":false},"excerpt":{"rendered":"<p>RITA 1o RITA (MESTRADO) 10 Modelagem Baseada em Agentes para An\u00e1lise de Recursos H\u00eddricos Giovani Farias, Miriam Born, Bruna Leitzke, Marilton Aguiar, Diana Francisca Adamatti 2o RITA (MESTRADO) 31 Efeitos de Estrat\u00e9gias de Distribui\u00e7\u00e3o de Recompensas em Coaliz\u00f5es Baseadas em Agentes: Resultados Preliminares Lu\u00eds Gustavo Ludescher, Jaime Sichman 3o RITA (PROFISSIONAL) 18 Mosaik e PADE: &hellip; <a href=\"https:\/\/gsigma.ufsc.br\/wesaac2019\/index.php\/best-papers\/\" class=\"more-link\">Continue reading <span class=\"screen-reader-text\">Best Papers<\/span> <span class=\"meta-nav\">&rarr;<\/span><\/a><\/p>\n","protected":false},"author":1,"featured_media":0,"parent":0,"menu_order":8,"comment_status":"closed","ping_status":"closed","template":"","meta":{"footnotes":""},"class_list":["post-239","page","type-page","status-publish","hentry"],"_links":{"self":[{"href":"https:\/\/gsigma.ufsc.br\/wesaac2019\/index.php\/wp-json\/wp\/v2\/pages\/239","targetHints":{"allow":["GET"]}}],"collection":[{"href":"https:\/\/gsigma.ufsc.br\/wesaac2019\/index.php\/wp-json\/wp\/v2\/pages"}],"about":[{"href":"https:\/\/gsigma.ufsc.br\/wesaac2019\/index.php\/wp-json\/wp\/v2\/types\/page"}],"author":[{"embeddable":true,"href":"https:\/\/gsigma.ufsc.br\/wesaac2019\/index.php\/wp-json\/wp\/v2\/users\/1"}],"replies":[{"embeddable":true,"href":"https:\/\/gsigma.ufsc.br\/wesaac2019\/index.php\/wp-json\/wp\/v2\/comments?post=239"}],"version-history":[{"count":2,"href":"https:\/\/gsigma.ufsc.br\/wesaac2019\/index.php\/wp-json\/wp\/v2\/pages\/239\/revisions"}],"predecessor-version":[{"id":247,"href":"https:\/\/gsigma.ufsc.br\/wesaac2019\/index.php\/wp-json\/wp\/v2\/pages\/239\/revisions\/247"}],"wp:attachment":[{"href":"https:\/\/gsigma.ufsc.br\/wesaac2019\/index.php\/wp-json\/wp\/v2\/media?parent=239"}],"curies":[{"name":"wp","href":"https:\/\/api.w.org\/{rel}","templated":true}]}}